{"id":3660,"date":"2025-08-18T08:48:16","date_gmt":"2025-08-18T08:48:16","guid":{"rendered":"https:\/\/testnidomens.com\/deskandmore\/barista-show\/"},"modified":"2025-12-05T11:24:36","modified_gmt":"2025-12-05T11:24:36","slug":"barista-show","status":"publish","type":"page","link":"https:\/\/deskandmore.rs\/en\/barista-show\/","title":{"rendered":"Barista show"},"content":{"rendered":"\t\t<div data-elementor-type=\"wp-page\" data-elementor-id=\"3660\" class=\"elementor elementor-3660 elementor-2580\" data-elementor-post-type=\"page\">\n\t\t\t\t<div class=\"elementor-element elementor-element-cc6b53c e-flex e-con-boxed e-con e-parent\" data-id=\"cc6b53c\" data-element_type=\"container\" data-e-type=\"container\">\n\t\t\t\t\t<div class=\"e-con-inner\">\n\t\t\t\t<div class=\"elementor-element elementor-element-50a96d1 elementor-widget elementor-widget-image\" data-id=\"50a96d1\" data-element_type=\"widget\" data-e-type=\"widget\" data-widget_type=\"image.default\">\n\t\t\t\t<div class=\"elementor-widget-container\">\n\t\t\t\t\t\t\t\t\t\t\t\t\t\t\t<img alt=\"\" fetchpriority=\"high\" decoding=\"async\" width=\"769\" height=\"594\" src=\"https:\/\/deskandmore.rs\/wp-content\/uploads\/2025\/08\/DeskCoffee_DSC1719.webp\" class=\"attachment-large size-large wp-image-3661\" alt=\"\" srcset=\"https:\/\/deskandmore.rs\/wp-content\/uploads\/2025\/08\/DeskCoffee_DSC1719.webp 769w, https:\/\/deskandmore.rs\/wp-content\/uploads\/2025\/08\/DeskCoffee_DSC1719-300x232.webp 300w\" sizes=\"(max-width: 769px) 100vw, 769px\" \/>\t\t\t\t\t\t\t\t\t\t\t\t\t\t\t<\/div>\n\t\t\t\t<\/div>\n\t\t\t\t<div class=\"elementor-element elementor-element-844a741 elementor-widget elementor-widget-text-editor\" data-id=\"844a741\" data-element_type=\"widget\" data-e-type=\"widget\" data-widget_type=\"text-editor.default\">\n\t\t\t\t<div class=\"elementor-widget-container\">\n\t\t\t\t\t\t\t\t\t<p>Dodjite na prvi D&amp;M Coffee Journey koji organizujemo u saradnji sa kompanijom Nestl\u00e9!<\/p>\n<p>Isprobajte sezonske napitke i koktele od kafe koje \u0107e praviti Nestl\u00e9 sertifikovani barista i brend ambasador kompanije, Ivan \u017divoti\u0107.<\/p>\n<p>On \u0107e podeliti sa nama i razne trikove za pravljenje savr\u0161enih napitaka od kafe, koje mo\u017eete pripremati i na poslu, na kafe aparatima u Desk&amp;More prostoru.<\/p>\n<p>Pridru\u017eite se dogadjaju BARISTA SHOW na lokaciji Desk&amp;More The Zoo, u lounge zoni kod Info Desk-a, u \u010detvrtak 8.juna, 13h -15h.<img decoding=\"async\" draggable=\"false\" role=\"img\" class=\"emoji\" alt=\"\u2615\" src=\"https:\/\/s.w.org\/images\/core\/emoji\/16.0.1\/svg\/2615.svg\"><\/p>\n<p>Za vi\u0161e informacija, kontaktirajte nas na:<br>Telefon:&nbsp;<a href=\"http:\/\/tel:+381638512345\">+381 63 85 12345<\/a><br>Email:&nbsp;<a href=\"mailto:info@deskandmore.rs\" target=\"_blank\" style=\"background-color: rgb(255, 255, 255);\">info@deskandmore.rs<\/a><\/p>\t\t\t\t\t\t\t\t<\/div>\n\t\t\t\t<\/div>\n\t\t\t\t\t<\/div>\n\t\t\t\t<\/div>\n\t\t<div class=\"elementor-element elementor-element-fc5386f e-flex e-con-boxed e-con e-parent\" data-id=\"fc5386f\" data-element_type=\"container\" data-e-type=\"container\">\n\t\t\t\t\t<div class=\"e-con-inner\">\n\t\t\t\t<div class=\"elementor-element elementor-element-6a13fd7 elementor-widget elementor-widget-heading\" data-id=\"6a13fd7\" data-element_type=\"widget\" data-e-type=\"widget\" data-widget_type=\"heading.default\">\n\t\t\t\t<div class=\"elementor-widget-container\">\n\t\t\t\t\t<h2 class=\"elementor-heading-title elementor-size-default\">Galerija<\/h2>\t\t\t\t<\/div>\n\t\t\t\t<\/div>\n\t\t<div class=\"elementor-element elementor-element-f20fda6 e-con-full animated-gradient100 e-flex e-con e-child\" data-id=\"f20fda6\" data-element_type=\"container\" data-e-type=\"container\">\n\t\t\t\t<\/div>\n\t\t\t\t<div class=\"elementor-element elementor-element-f7be378 elementor-pagination-type-bullets elementor-arrows-position-inside elementor-pagination-position-outside elementor-widget elementor-widget-n-carousel\" data-id=\"f7be378\" data-element_type=\"widget\" data-e-type=\"widget\" data-settings=\"{&quot;carousel_items&quot;:[{&quot;slide_title&quot;:&quot;Slide #1&quot;,&quot;_id&quot;:&quot;a9f4e93&quot;},{&quot;slide_title&quot;:&quot;Slide #1&quot;,&quot;_id&quot;:&quot;8f2a086&quot;},{&quot;slide_title&quot;:&quot;Slide #1&quot;,&quot;_id&quot;:&quot;1b05bef&quot;},{&quot;slide_title&quot;:&quot;Slide #1&quot;,&quot;_id&quot;:&quot;1f61cc2&quot;},{&quot;slide_title&quot;:&quot;Slide #1&quot;,&quot;_id&quot;:&quot;22baff5&quot;},{&quot;slide_title&quot;:&quot;Slide #1&quot;,&quot;_id&quot;:&quot;357c336&quot;}],&quot;slides_to_show_tablet&quot;:&quot;2&quot;,&quot;slides_to_show_mobile&quot;:&quot;1&quot;,&quot;autoplay&quot;:&quot;yes&quot;,&quot;autoplay_speed&quot;:5000,&quot;pause_on_hover&quot;:&quot;yes&quot;,&quot;pause_on_interaction&quot;:&quot;yes&quot;,&quot;infinite&quot;:&quot;yes&quot;,&quot;speed&quot;:500,&quot;offset_sides&quot;:&quot;none&quot;,&quot;arrows&quot;:&quot;yes&quot;,&quot;pagination&quot;:&quot;bullets&quot;,&quot;image_spacing_custom&quot;:{&quot;unit&quot;:&quot;px&quot;,&quot;size&quot;:10,&quot;sizes&quot;:[]},&quot;image_spacing_custom_tablet&quot;:{&quot;unit&quot;:&quot;px&quot;,&quot;size&quot;:&quot;&quot;,&quot;sizes&quot;:[]},&quot;image_spacing_custom_mobile&quot;:{&quot;unit&quot;:&quot;px&quot;,&quot;size&quot;:&quot;&quot;,&quot;sizes&quot;:[]}}\" data-widget_type=\"nested-carousel.default\">\n\t\t\t\t<div class=\"elementor-widget-container\">\n\t\t\t\t\t\t\t<div class=\"e-n-carousel swiper\" role=\"region\" aria-roledescription=\"carousel\" aria-label=\"Carousel\" dir=\"ltr\">\n\t\t\t<div class=\"swiper-wrapper\" aria-live=\"off\">\n\t\t\t\t\t\t\t\t\t\t<div class=\"swiper-slide\" data-slide=\"1\" role=\"group\" aria-roledescription=\"slide\" aria-label=\"1 of 6\">\n\t\t\t\t\t\t\t<div class=\"elementor-element elementor-element-31a4f9d e-flex e-con-boxed e-con e-child\" data-id=\"31a4f9d\" data-element_type=\"container\" data-e-type=\"container\">\n\t\t\t\t\t<div class=\"e-con-inner\">\n\t\t\t\t<div class=\"elementor-element elementor-element-8ef1d79 elementor-widget elementor-widget-image\" data-id=\"8ef1d79\" data-element_type=\"widget\" data-e-type=\"widget\" data-widget_type=\"image.default\">\n\t\t\t\t<div class=\"elementor-widget-container\">\n\t\t\t\t\t\t\t\t\t\t\t\t\t\t\t<img alt=\"\" decoding=\"async\" width=\"370\" height=\"206\" src=\"https:\/\/deskandmore.rs\/wp-content\/uploads\/2025\/08\/s_3.png\" class=\"attachment-large size-large wp-image-3665\" alt=\"\" srcset=\"https:\/\/deskandmore.rs\/wp-content\/uploads\/2025\/08\/s_3.png 370w, https:\/\/deskandmore.rs\/wp-content\/uploads\/2025\/08\/s_3-300x167.png 300w\" sizes=\"(max-width: 370px) 100vw, 370px\" \/>\t\t\t\t\t\t\t\t\t\t\t\t\t\t\t<\/div>\n\t\t\t\t<\/div>\n\t\t\t\t\t<\/div>\n\t\t\t\t<\/div>\n\t\t\t\t\t\t\t\t<\/div>\n\t\t\t\t\t\t\t\t\t\t\t<div class=\"swiper-slide\" data-slide=\"2\" role=\"group\" aria-roledescription=\"slide\" aria-label=\"2 of 6\">\n\t\t\t\t\t\t\t<div class=\"elementor-element elementor-element-e48a830 e-flex e-con-boxed e-con e-child\" data-id=\"e48a830\" data-element_type=\"container\" data-e-type=\"container\">\n\t\t\t\t\t<div class=\"e-con-inner\">\n\t\t\t\t<div class=\"elementor-element elementor-element-6c415cc elementor-widget elementor-widget-image\" data-id=\"6c415cc\" data-element_type=\"widget\" data-e-type=\"widget\" data-widget_type=\"image.default\">\n\t\t\t\t<div class=\"elementor-widget-container\">\n\t\t\t\t\t\t\t\t\t\t\t\t\t\t\t<img alt=\"\" decoding=\"async\" width=\"370\" height=\"206\" src=\"https:\/\/deskandmore.rs\/wp-content\/uploads\/2025\/08\/s_4.png\" class=\"attachment-large size-large wp-image-3663\" alt=\"\" srcset=\"https:\/\/deskandmore.rs\/wp-content\/uploads\/2025\/08\/s_4.png 370w, https:\/\/deskandmore.rs\/wp-content\/uploads\/2025\/08\/s_4-300x167.png 300w\" sizes=\"(max-width: 370px) 100vw, 370px\" \/>\t\t\t\t\t\t\t\t\t\t\t\t\t\t\t<\/div>\n\t\t\t\t<\/div>\n\t\t\t\t\t<\/div>\n\t\t\t\t<\/div>\n\t\t\t\t\t\t\t\t<\/div>\n\t\t\t\t\t\t\t\t\t\t\t<div class=\"swiper-slide\" data-slide=\"3\" role=\"group\" aria-roledescription=\"slide\" aria-label=\"3 of 6\">\n\t\t\t\t\t\t\t<div class=\"elementor-element elementor-element-b42947b e-flex e-con-boxed e-con e-child\" data-id=\"b42947b\" data-element_type=\"container\" data-e-type=\"container\">\n\t\t\t\t\t<div class=\"e-con-inner\">\n\t\t\t\t<div class=\"elementor-element elementor-element-7787cf6 elementor-widget elementor-widget-image\" data-id=\"7787cf6\" data-element_type=\"widget\" data-e-type=\"widget\" data-widget_type=\"image.default\">\n\t\t\t\t<div class=\"elementor-widget-container\">\n\t\t\t\t\t\t\t\t\t\t\t\t\t\t\t<img alt=\"\" loading=\"lazy\" decoding=\"async\" width=\"371\" height=\"206\" src=\"https:\/\/deskandmore.rs\/wp-content\/uploads\/2025\/08\/s_5.png\" class=\"attachment-large size-large wp-image-3664\" alt=\"\" srcset=\"https:\/\/deskandmore.rs\/wp-content\/uploads\/2025\/08\/s_5.png 371w, https:\/\/deskandmore.rs\/wp-content\/uploads\/2025\/08\/s_5-300x167.png 300w\" sizes=\"(max-width: 371px) 100vw, 371px\" \/>\t\t\t\t\t\t\t\t\t\t\t\t\t\t\t<\/div>\n\t\t\t\t<\/div>\n\t\t\t\t\t<\/div>\n\t\t\t\t<\/div>\n\t\t\t\t\t\t\t\t<\/div>\n\t\t\t\t\t\t\t\t\t\t\t<div class=\"swiper-slide\" data-slide=\"4\" role=\"group\" aria-roledescription=\"slide\" aria-label=\"4 of 6\">\n\t\t\t\t\t\t\t<div class=\"elementor-element elementor-element-ab86514 e-flex e-con-boxed e-con e-child\" data-id=\"ab86514\" data-element_type=\"container\" data-e-type=\"container\">\n\t\t\t\t\t<div class=\"e-con-inner\">\n\t\t\t\t<div class=\"elementor-element elementor-element-cbed12e elementor-widget elementor-widget-image\" data-id=\"cbed12e\" data-element_type=\"widget\" data-e-type=\"widget\" data-widget_type=\"image.default\">\n\t\t\t\t<div class=\"elementor-widget-container\">\n\t\t\t\t\t\t\t\t\t\t\t\t\t\t\t<img alt=\"\" decoding=\"async\" width=\"370\" height=\"206\" src=\"https:\/\/deskandmore.rs\/wp-content\/uploads\/2025\/08\/s_3.png\" class=\"attachment-large size-large wp-image-3665\" alt=\"\" srcset=\"https:\/\/deskandmore.rs\/wp-content\/uploads\/2025\/08\/s_3.png 370w, https:\/\/deskandmore.rs\/wp-content\/uploads\/2025\/08\/s_3-300x167.png 300w\" sizes=\"(max-width: 370px) 100vw, 370px\" \/>\t\t\t\t\t\t\t\t\t\t\t\t\t\t\t<\/div>\n\t\t\t\t<\/div>\n\t\t\t\t\t<\/div>\n\t\t\t\t<\/div>\n\t\t\t\t\t\t\t\t<\/div>\n\t\t\t\t\t\t\t\t\t\t\t<div class=\"swiper-slide\" data-slide=\"5\" role=\"group\" aria-roledescription=\"slide\" aria-label=\"5 of 6\">\n\t\t\t\t\t\t\t<div class=\"elementor-element elementor-element-67dc579 e-flex e-con-boxed e-con e-child\" data-id=\"67dc579\" data-element_type=\"container\" data-e-type=\"container\">\n\t\t\t\t\t<div class=\"e-con-inner\">\n\t\t\t\t<div class=\"elementor-element elementor-element-6ab07f0 elementor-widget elementor-widget-image\" data-id=\"6ab07f0\" data-element_type=\"widget\" data-e-type=\"widget\" data-widget_type=\"image.default\">\n\t\t\t\t<div class=\"elementor-widget-container\">\n\t\t\t\t\t\t\t\t\t\t\t\t\t\t\t<img alt=\"\" decoding=\"async\" width=\"370\" height=\"206\" src=\"https:\/\/deskandmore.rs\/wp-content\/uploads\/2025\/08\/s_4.png\" class=\"attachment-large size-large wp-image-3663\" alt=\"\" srcset=\"https:\/\/deskandmore.rs\/wp-content\/uploads\/2025\/08\/s_4.png 370w, https:\/\/deskandmore.rs\/wp-content\/uploads\/2025\/08\/s_4-300x167.png 300w\" sizes=\"(max-width: 370px) 100vw, 370px\" \/>\t\t\t\t\t\t\t\t\t\t\t\t\t\t\t<\/div>\n\t\t\t\t<\/div>\n\t\t\t\t\t<\/div>\n\t\t\t\t<\/div>\n\t\t\t\t\t\t\t\t<\/div>\n\t\t\t\t\t\t\t\t\t\t\t<div class=\"swiper-slide\" data-slide=\"6\" role=\"group\" aria-roledescription=\"slide\" aria-label=\"6 of 6\">\n\t\t\t\t\t\t\t<div class=\"elementor-element elementor-element-e26884e e-flex e-con-boxed e-con e-child\" data-id=\"e26884e\" data-element_type=\"container\" data-e-type=\"container\">\n\t\t\t\t\t<div class=\"e-con-inner\">\n\t\t\t\t<div class=\"elementor-element elementor-element-efec575 elementor-widget elementor-widget-image\" data-id=\"efec575\" data-element_type=\"widget\" data-e-type=\"widget\" data-widget_type=\"image.default\">\n\t\t\t\t<div class=\"elementor-widget-container\">\n\t\t\t\t\t\t\t\t\t\t\t\t\t\t\t<img alt=\"\" loading=\"lazy\" decoding=\"async\" width=\"371\" height=\"206\" src=\"https:\/\/deskandmore.rs\/wp-content\/uploads\/2025\/08\/s_5.png\" class=\"attachment-large size-large wp-image-3664\" alt=\"\" srcset=\"https:\/\/deskandmore.rs\/wp-content\/uploads\/2025\/08\/s_5.png 371w, https:\/\/deskandmore.rs\/wp-content\/uploads\/2025\/08\/s_5-300x167.png 300w\" sizes=\"(max-width: 371px) 100vw, 371px\" \/>\t\t\t\t\t\t\t\t\t\t\t\t\t\t\t<\/div>\n\t\t\t\t<\/div>\n\t\t\t\t\t<\/div>\n\t\t\t\t<\/div>\n\t\t\t\t\t\t\t\t<\/div>\n\t\t\t\t\t\t\t\t<\/div>\n\t\t<\/div>\n\t\t\t\t\t<div class=\"elementor-swiper-button elementor-swiper-button-prev\" role=\"button\" tabindex=\"0\" aria-label=\"Previous\">\n\t\t\t\t<svg aria-hidden=\"true\" class=\"e-font-icon-svg e-eicon-chevron-left\" viewBox=\"0 0 1000 1000\" xmlns=\"http:\/\/www.w3.org\/2000\/svg\"><path d=\"M646 125C629 125 613 133 604 142L308 442C296 454 292 471 292 487 292 504 296 521 308 533L604 854C617 867 629 875 646 875 663 875 679 871 692 858 704 846 713 829 713 812 713 796 708 779 692 767L438 487 692 225C700 217 708 204 708 187 708 171 704 154 692 142 675 129 663 125 646 125Z\"><\/path><\/svg>\t\t\t<\/div>\n\t\t\t<div class=\"elementor-swiper-button elementor-swiper-button-next\" role=\"button\" tabindex=\"0\" aria-label=\"Next\">\n\t\t\t\t<svg aria-hidden=\"true\" class=\"e-font-icon-svg e-eicon-chevron-right\" viewBox=\"0 0 1000 1000\" xmlns=\"http:\/\/www.w3.org\/2000\/svg\"><path d=\"M696 533C708 521 713 504 713 487 713 471 708 454 696 446L400 146C388 133 375 125 354 125 338 125 325 129 313 142 300 154 292 171 292 187 292 204 296 221 308 233L563 492 304 771C292 783 288 800 288 817 288 833 296 850 308 863 321 871 338 875 354 875 371 875 388 867 400 854L696 533Z\"><\/path><\/svg>\t\t\t<\/div>\n\t\t\t\t\t<div class=\"swiper-pagination\"><\/div>\n\t\t\t\t\t\t<\/div>\n\t\t\t\t<\/div>\n\t\t\t\t\t<\/div>\n\t\t\t\t<\/div>\n\t\t\t\t<\/div>\n\t\t","protected":false},"excerpt":{"rendered":"<p>Dodjite na prvi D&amp;M Coffee Journey koji organizujemo u saradnji sa kompanijom Nestl\u00e9! Isprobajte sezonske napitke i koktele od kafe koje \u0107e praviti Nestl\u00e9 sertifikovani barista i brend ambasador kompanije, Ivan \u017divoti\u0107. On \u0107e podeliti sa nama i razne trikove za pravljenje savr\u0161enih napitaka od kafe, koje mo\u017eete pripremati i na poslu, na kafe aparatima [&hellip;]<\/p>\n","protected":false},"author":6,"featured_media":0,"parent":0,"menu_order":0,"comment_status":"closed","ping_status":"closed","template":"","meta":{"_acf_changed":false,"_seopress_robots_primary_cat":"","_seopress_titles_title":"Desk&More Barista Show","_seopress_titles_desc":"Prvi D&M Coffee Journey koji smo organizovali u saradnji sa kompanijom Nestl\u00e9. Saznajte vi\u0161e.","_seopress_robots_index":"","footnotes":""},"class_list":["post-3660","page","type-page","status-publish","hentry"],"acf":[],"_links":{"self":[{"href":"https:\/\/deskandmore.rs\/en\/wp-json\/wp\/v2\/pages\/3660","targetHints":{"allow":["GET"]}}],"collection":[{"href":"https:\/\/deskandmore.rs\/en\/wp-json\/wp\/v2\/pages"}],"about":[{"href":"https:\/\/deskandmore.rs\/en\/wp-json\/wp\/v2\/types\/page"}],"author":[{"embeddable":true,"href":"https:\/\/deskandmore.rs\/en\/wp-json\/wp\/v2\/users\/6"}],"replies":[{"embeddable":true,"href":"https:\/\/deskandmore.rs\/en\/wp-json\/wp\/v2\/comments?post=3660"}],"version-history":[{"count":7,"href":"https:\/\/deskandmore.rs\/en\/wp-json\/wp\/v2\/pages\/3660\/revisions"}],"predecessor-version":[{"id":3916,"href":"https:\/\/deskandmore.rs\/en\/wp-json\/wp\/v2\/pages\/3660\/revisions\/3916"}],"wp:attachment":[{"href":"https:\/\/deskandmore.rs\/en\/wp-json\/wp\/v2\/media?parent=3660"}],"curies":[{"name":"wp","href":"https:\/\/api.w.org\/{rel}","templated":true}]}}